{"id":528,"date":"2020-06-05T16:20:27","date_gmt":"2020-06-05T16:20:27","guid":{"rendered":"https:\/\/misciudadanias.com\/?page_id=145"},"modified":"2020-06-05T16:20:27","modified_gmt":"2020-06-05T16:20:27","slug":"quienes-somos","status":"publish","type":"page","link":"https:\/\/misciudadanias.com\/en\/quienes-somos\/","title":{"rendered":"Who We Are"},"content":{"rendered":"<h2>Who We Are<\/h2>\n<h1>Reconnect with your Polish roots. We help you obtain Polish citizenship.<\/h1>\n<h2>Our Company<\/h2>\n<p>We are a company dedicated to helping you carry out the procedures to obtain the <strong>Polish Citizenship<\/strong> for Polish descendants. We are proud to provide our clients with what is their birthright. We specialize in the most difficult cases involving document searches in Polish archives and those of neighboring countries such as Ukraine, Belarus, Lithuania, and others.<\/p>\n<p>If Polish blood runs through your veins and you are entitled to Polish citizenship, don&#039;t hesitate to contact us, even if you don&#039;t have the documentation to prove it \u2013 we&#039;ll take care of it!<\/p>\n<p>We help you from start to finish. From obtaining the necessary documents to completing the forms in Polish to submit to the Embassy for a Polish passport.<\/p>\n<p>We also <b>We specialize in legal advice on property recovery<\/b> which were occupied by the Nazis and then nationalized, expropriated or confiscated by the Polish government during the post-war communist era. <br \/>We carry out <strong>document translations<\/strong> in Polish and Russian, including the Russian that was used before the Russian Revolution of 1917!<\/p>\n<p>We work with a multidisciplinary international team of certified translators, lawyers, and archivists in Poland and Eastern Europe.<\/p>\n<h2>Our Team<\/h2>\n<p>Meet the team that will advise and help you on the path to obtaining your Polish Citizenship<\/p>\n<p>\t\t\t\t\t\t\t\t\t\t\t\t<img loading=\"lazy\" decoding=\"async\" width=\"768\" height=\"876\" src=\"http:\/\/www.mipasaportepolaco.com\/wp-content\/uploads\/2020\/06\/test-3-768x876.jpeg\" alt=\"Dr. Jonathan Jablonski - ciudadania polaca\" srcset=\"https:\/\/misciudadanias.com\/wp-content\/uploads\/2020\/06\/test-3-768x876.jpeg 768w, https:\/\/misciudadanias.com\/wp-content\/uploads\/2020\/06\/test-3-263x300.jpeg 263w, https:\/\/misciudadanias.com\/wp-content\/uploads\/2020\/06\/test-3.jpeg 834w\" sizes=\"auto, (max-width: 768px) 100vw, 768px\" title=\"\"><br \/>\n\t\t\t\t\t\t\tA graduate of Torcuato di Tella University with a degree in Business Economics, Jonathan embarked on a life-changing journey to study economics in Poland. He spent a year exploring his roots in Poland and Belarus, where he visited his ancestral hometown to see the lands that once belonged to them. He learned Polish and connected with Jewish organizations that helped him in his mission.<br \/>\n<br \/>\nJonathan believes that every person of Polish descent should visit Poland and learn about their family history, in addition to taking advantage of all the benefits that Polish citizenship brings.<br \/>\n\t\t\t\t\t\t\t\t\t\t\t\t\t\tDr. Jonathan Jablonski<br \/>\n\t\t\t\t\t\t\t\t\t\t\t\t\t\t\t\t\t\t\t\t\t\tCitizenship Specialist \/ Regional Manager<br \/>\n\t\t\t\t\t\t\tDarya graduated from Grinnell College in Chicago with a degree in Economics. She later completed her Master&#039;s degree in Advanced Data Analytics at the Warsaw School of Economics. Darya has Russian and Polish roots and is fluent in both languages. Darya is responsible for coordinating and supervising our team of professionals in Europe.<br \/>\n\t\t\t\t\t\t\t\t\t\t\t\t\t\tDarya Moskalenko MSc.<br \/>\n\t\t\t\t\t\t\t\t\t\t\t\t\t\t\t\t\t\t\t\t\t\tEuropean Supervisor<br \/>\n\t\t\t\t\t\t\t\t\t\t\t\t<img loading=\"lazy\" decoding=\"async\" width=\"500\" height=\"500\" src=\"http:\/\/www.mipasaportepolaco.com\/wp-content\/uploads\/2020\/06\/WhatsApp-Image-2020-06-15-at-18.00.11.jpeg\" alt=\"Darya Moskalenko MSc. ciudadania polaca\" srcset=\"https:\/\/misciudadanias.com\/wp-content\/uploads\/2020\/06\/WhatsApp-Image-2020-06-15-at-18.00.11.jpeg 500w, https:\/\/misciudadanias.com\/wp-content\/uploads\/2020\/06\/WhatsApp-Image-2020-06-15-at-18.00.11-300x300.jpeg 300w, https:\/\/misciudadanias.com\/wp-content\/uploads\/2020\/06\/WhatsApp-Image-2020-06-15-at-18.00.11-150x150.jpeg 150w\" sizes=\"auto, (max-width: 500px) 100vw, 500px\" title=\"\"><\/p>","protected":false},"excerpt":{"rendered":"<p>Quienes Somos Recon\u00e9ctate con tus ra\u00edces Polacas. Te ayudamos a conseguir la Ciudadan\u00eda Polaca. Nuestra Empresa Somos una empresa dedicada a la ayudarte a realizar los tramites para la obtenci\u00f3n de la Ciudadan\u00eda Polaca para descendientes de Polacos. Nos enorgullece poder brindarles a nuestros clientes lo que es para ellos su derecho de nacimiento. Nos [&hellip;]<\/p>\n","protected":false},"author":1,"featured_media":0,"parent":0,"menu_order":0,"comment_status":"closed","ping_status":"closed","template":"elementor_header_footer","meta":{"footnotes":""},"class_list":["post-528","page","type-page","status-publish","hentry"],"_links":{"self":[{"href":"https:\/\/misciudadanias.com\/en\/wp-json\/wp\/v2\/pages\/528","targetHints":{"allow":["GET"]}}],"collection":[{"href":"https:\/\/misciudadanias.com\/en\/wp-json\/wp\/v2\/pages"}],"about":[{"href":"https:\/\/misciudadanias.com\/en\/wp-json\/wp\/v2\/types\/page"}],"author":[{"embeddable":true,"href":"https:\/\/misciudadanias.com\/en\/wp-json\/wp\/v2\/users\/1"}],"replies":[{"embeddable":true,"href":"https:\/\/misciudadanias.com\/en\/wp-json\/wp\/v2\/comments?post=528"}],"version-history":[{"count":0,"href":"https:\/\/misciudadanias.com\/en\/wp-json\/wp\/v2\/pages\/528\/revisions"}],"wp:attachment":[{"href":"https:\/\/misciudadanias.com\/en\/wp-json\/wp\/v2\/media?parent=528"}],"curies":[{"name":"wp","href":"https:\/\/api.w.org\/{rel}","templated":true}]}}