{"id":526,"date":"2020-06-04T22:10:09","date_gmt":"2020-06-04T22:10:09","guid":{"rendered":"https:\/\/misciudadanias.com\/?page_id=70"},"modified":"2020-06-04T22:10:09","modified_gmt":"2020-06-04T22:10:09","slug":"servicios-ciudadania-polaca","status":"publish","type":"page","link":"https:\/\/misciudadanias.com\/es_es\/servicios-ciudadania-polaca\/","title":{"rendered":"Nuestros Servicios"},"content":{"rendered":"<h1>Nuestros Servicios de Gesti\u00f3n Polaca<\/h1>\n<h2>Casos complejos. Soluciones faciles.<\/h2>\n<h2>Proceso Gestor\u00eda de Ciudadan\u00eda<\/h2>\n<p>Simplificamos el tr\u00e1mite de para ayudarte a obtener tu Ciudadan\u00eda Polaca en solo 10 pasos!<br \/>Despu\u00e9s de los primeros pocos pasos nosotros nos ocupamos de todo el resto.<\/p>\n<ul>\n<li>Hacer evaluaci\u00f3n para ver si calificas <a href=\"https:\/\/misciudadanias.com\/#calificacion\"><strong>ACA<\/strong><\/a>.<\/li>\n<li>Hablar con un representante para asegurarnos que tenes derecho a la Ciudadan\u00eda Polaca<\/li>\n<li>Juntar toda la documentaci\u00f3n argentina y polaca<\/li>\n<li>Apostillar\/legalizar documentaci\u00f3n argentina<\/li>\n<li>Enviar documentaci\u00f3n a Polonia<\/li>\n<li>Opcional: buscar documentaci\u00f3n faltante en archivos europeos<\/li>\n<li>Traducir documentos argentinos al polaco<\/li>\n<li>Hacer la presentaci\u00f3n en la Gobernaci\u00f3n Polaca<\/li>\n<li>Esperar respuesta entre 3-5 meses<\/li>\n<li>Felicitaciones! Tenes tu Ciudadan\u00eda Polaca<\/li>\n<\/ul>\n<p>Desde que disponemos los documentos apostillados el tr\u00e1mite entero suele demorar entre 3 y 5 meses que es el tiempo que le lleva al gobierno Polaco expedirse. Una vez obtenido el certificado de Ciudadan\u00eda Polaca se saca turno en la embajada Polaca para obtener el pasaporte Polaco que suele tardar un mes m\u00e1s en llegar.<br \/>Abajo tenemos la lista b\u00e1sica de los documentos que generalmente son necesarios para la Ciudadan\u00eda Polaca<\/p>\n<h2>Documentacion Requerida<\/h2>\n<ul>\n<li>Pasaporte Polaco y\/o documento nacional de identidad Polaco y\/o libreta militar Polaca y\/o registro de voto Polaco y otro documento polaco que acredite la ciudadan\u00eda del ancestro.<\/li>\n<li>Actas civiles que acrediten v\u00ednculo con el ancestro (nacimiento y\/o matrimonio).<\/li>\n<li>D.N.I. del interesado<\/li>\n<li>Otros documentos espec\u00edficos del caso.<\/li>\n<\/ul>\n<h2>B\u00fasquedas<\/h2>\n<p>Nos especializamos en la busqueda de documentos en Europa. Tenemos un equipo de archivistas expertos en Polonia, Ucrania, Bielorusia, y Lituania que se dedica a encontrar los documentos necesarios para demostrar que tu ancestro era Polaco. Nuestros archivistas cuentan con m\u00e1s de 20 a\u00f1os de experiencia en geneologia y busqueda de documentos. Hablan Polaco, Ruso, el ruso antiguo antes de la revolucion del 17, ucraniano y lituano. Son expertos en lo que hacen y van fisicamente a las ciudades donde nacieron tus ancestros a realizar la busqueda de manera presencial. Si aun existen los documentos garantizamos la obtencion de los mismos, si fueron destruidos durante las guerras o no existen registros de sus familiares obtenemos una constancia firmada y sellada por las autoridades pertinentes que acrediten que la busqueda se realizo y que no cuentan con los documentos requeridos en el archivo.<\/p>\n<p>Una vez que encontremos los documentos probatorios podemos avanzar con la obtencion de tu ciudadania Polaca.<\/p>\n<p>Las busquedas son completamente abarcativas. Buscamos los siguientes documentos (que apliquen):<br \/>1) Acta de nacimiento\/bautismo\/matrimonio\/bris<br \/>2) Pedido de pasaporte<br \/>3) Registro militar<br \/>4) Registro de voto<br \/>5) Empadronamiento<br \/>6) Censo poblacional<br \/>7) Registros migratorios<br \/>8) Registros de repatriacion<br \/>9) Registros de propiedad<br \/>10) Registros escolares<br \/>11) Etc.<\/p>\n<p>Las busquedas suelen tardar aproximadamente 5 meses en completarse y tienen un costo de 1900 euros pagables en hasta 3 cuotas sin interes.<\/p>\n<p>Los datos minimos que necesitamos somos los siguientes:<br \/>\u2022 Nombre y apellido<br \/>\u2022 Fecha aproximada de nacimiento (rango corto de anios minimamente)<br \/>\u2022 Pueblo donde nacio\/viv\u00eda<\/p>\n<p>Datos opcionales<br \/>\u2022 Religion<br \/>\u2022 Nombre de los padres del sujeto<br \/>\u2022 Fecha de llegada al extranjero<\/p>\n<p>En el caso de querer avanzar te invito a reservar una entrevista telefonica gratuita para hablar sobre los detalles de tu caso, y poder presupuestarte la gestion entera.<\/p>\n<p>El turno lo reservas aca: <a href=\"https:\/\/mipasaportepolaco.com\/turnos\" target=\"_blank\" rel=\"noopener\">www.mipasaportepolaco.com\/turnos<\/a><\/p>\n<h2>Asesoramiento Legal para Recuperaci\u00f3n de Propiedades<\/h2>\n<p>Hay muchos casos donde los descendientes de polacos se fueron de Polonia y dejaron sus tierras y propiedades atr\u00e1s. Las fronteras Polacas cambiaron varias veces, por lo tanto es muy posible que las propiedades que tus ancestros hayan dejado atr\u00e1s se encuentren en un pa\u00eds distinto hoy.<\/p>\n<p>Polonia tiene mecanismos judiciales para que los herederos de los polacos a los que les fue robada la propiedad puedan reclamar lo que les corresponde. Dependiendo de la ubicaci\u00f3n y el tama\u00f1o de la propiedad, podr\u00eda llegar a ser de valores sumamente elevados, particularmente si se encuentra en una ciudad como Varsovia o Cracovia. El mismo Gobierno de Varsovia publico una lista con miles de propiedades que no tienen herederos y est\u00e1n listas para reclamar. El conjunto de estas propiedades esta valuada en (25 mil millones de d\u00f3lares) US $ 25,000,000,000!<\/p>\n<p>Dependiendo de la propiedad en cuesti\u00f3n se puede llegar a hacer las presentaciones judiciales con una m\u00ednima inversi\u00f3n de su parte, ofreci\u00e9ndonos un porcentaje del bien o del dinero recaudado. Tambi\u00e9n es posible vender su derecho de reclamo a un fondo por efectivo hoy. Consultanos!<\/p>\n<p>Para estos juicios es conveniente pero no excluyente que el heredero ya tengo su Ciudadan\u00eda Polaca porque es dif\u00edcil que otorguen la titularidad de tierras Polacas a un extranjero. Se puede pedir la monetizaci\u00f3n del inmueble en vez del t\u00edtulo de propiedad en estos casos, lo cual generalmente resulta en un valor inferior del que recibir\u00edas al vender la propiedad.<\/p>\n<p>En contraste a Polonia, los pa\u00edses como Ucrania y Bielorrusia todav\u00eda no son parte de la Uni\u00f3n Europea, por lo cual todav\u00eda no tienen legislaci\u00f3n que contemple los reclamos de esta naturaleza. El d\u00eda que quieran entrar a la UE se les va a exigir legislar el mecanismo para reclamos. Nosotros te podemos facilitar la obtenci\u00f3n de toda la documentaci\u00f3n que vas a necesitar el d\u00eda que se posibiliten los reclamos en estos pa\u00edses.<\/p>\n<h2>Traducciones<\/h2>\n<p>Realizamos traducciones oficiales y extra oficiales, dependiendo la necesidad que tiene el cliente con el documento en particular. Todos los documentos relacionados a la Ciudadan\u00eda Polaca tienen que estar adjuntos con traducciones oficiales.<\/p>\n<p>Cualquier otro documento hist\u00f3rico que te interese traducir puede tener una traducci\u00f3n extra oficial. Muchas veces al buscar los documentos requeridos para la Ciudadan\u00eda Polaca se encuentran documentos que no son esenciales para el tr\u00e1mite en idioma Ruso. Pueden encontrar registros militares, contratos de compra y venta de inmuebles, etc., y quieren saber de qu\u00e9 se trata el documento. En estos casos basta con una traducci\u00f3n extraoficial, que est\u00e1n hechas por un traductor completamente biling\u00fce sin t\u00edtulo de traductor p\u00fablico. Abajo podes encontrar todos los distintos idiomas que traducimos.<\/p>\n<p><strong>Traducciones Oficiales:<\/strong><\/p>\n<ul>\n<li>Espa\u00f1ol al Polaco<\/li>\n<li>Ruso al Polaco<\/li>\n<li>Ingles al Polaco<\/li>\n<\/ul>\n<p><strong>Traducciones Extraoficiales:<\/strong><\/p>\n<ul>\n<li><strong>Espa\u00f1ol<\/strong>\n<ul>\n<li>Espa\u00f1ol a Polaco<\/li>\n<li>Espa\u00f1ol a Ruso<\/li>\n<li>Espa\u00f1ol a Ingles<\/li>\n<\/ul>\n<\/li>\n<li><strong>Ingles<\/strong>\n<ul>\n<li>Ingles a Espa\u00f1ol<\/li>\n<li>Ingles a Polaco<\/li>\n<li>Ingles a Ruso<\/li>\n<\/ul>\n<\/li>\n<li><strong>Ruso<\/strong>\n<ul>\n<li>Ruso a Espa\u00f1ol<\/li>\n<li>Ruso a Ingles<\/li>\n<li>Ruso a Polaco<\/li>\n<\/ul>\n<\/li>\n<li><strong>Polaco<\/strong>\n<ul>\n<li>Polaco a Espa\u00f1ol<\/li>\n<li>Polaco a Ingles<\/li>\n<li>Polaco a Ruso<\/li>\n<\/ul>\n<\/li>\n<li><strong>Ruso Antiguo<\/strong>\n<ul>\n<li>Ruso Antiguo a Espanol<\/li>\n<li>Ruso Antiguo (pre 1917) a Ingles<\/li>\n<li>Ruso Antiguo (pre 1917) al Polaco<\/li>\n<\/ul>\n<\/li>\n<\/ul>\n<p>\t\t\t<a href=\"https:\/\/wa.me\/5491133411297\" target=\"_blank\" rel=\"noopener\"><br \/>\n\t\t\t\t\t\t<\/a><\/p>\n","protected":false},"excerpt":{"rendered":"<p>Nuestros Servicios de Gesti\u00f3n Polaca Casos complejos. Soluciones faciles. Proceso Gestor\u00eda de Ciudadan\u00eda Simplificamos el tr\u00e1mite de para ayudarte a obtener tu Ciudadan\u00eda Polaca en solo 10 pasos!Despu\u00e9s de los primeros pocos pasos nosotros nos ocupamos de todo el resto. Hacer evaluaci\u00f3n para ver si calificas ACA. Hablar con un representante para asegurarnos que tenes [&hellip;]<\/p>\n","protected":false},"author":1,"featured_media":0,"parent":0,"menu_order":0,"comment_status":"closed","ping_status":"closed","template":"elementor_header_footer","meta":{"footnotes":""},"class_list":["post-526","page","type-page","status-publish","hentry"],"_links":{"self":[{"href":"https:\/\/misciudadanias.com\/es_es\/wp-json\/wp\/v2\/pages\/526","targetHints":{"allow":["GET"]}}],"collection":[{"href":"https:\/\/misciudadanias.com\/es_es\/wp-json\/wp\/v2\/pages"}],"about":[{"href":"https:\/\/misciudadanias.com\/es_es\/wp-json\/wp\/v2\/types\/page"}],"author":[{"embeddable":true,"href":"https:\/\/misciudadanias.com\/es_es\/wp-json\/wp\/v2\/users\/1"}],"replies":[{"embeddable":true,"href":"https:\/\/misciudadanias.com\/es_es\/wp-json\/wp\/v2\/comments?post=526"}],"version-history":[{"count":0,"href":"https:\/\/misciudadanias.com\/es_es\/wp-json\/wp\/v2\/pages\/526\/revisions"}],"wp:attachment":[{"href":"https:\/\/misciudadanias.com\/es_es\/wp-json\/wp\/v2\/media?parent=526"}],"curies":[{"name":"wp","href":"https:\/\/api.w.org\/{rel}","templated":true}]}}