{"id":528,"date":"2020-06-05T16:20:27","date_gmt":"2020-06-05T16:20:27","guid":{"rendered":"https:\/\/misciudadanias.com\/?page_id=145"},"modified":"2020-06-05T16:20:27","modified_gmt":"2020-06-05T16:20:27","slug":"quienes-somos","status":"publish","type":"page","link":"https:\/\/misciudadanias.com\/es_es\/quienes-somos\/","title":{"rendered":"Quienes Somos"},"content":{"rendered":"<h2>Quienes Somos<\/h2>\n<h1>Recon\u00e9ctate con tus ra\u00edces Polacas. Te ayudamos a conseguir la Ciudadan\u00eda Polaca.<\/h1>\n<h2>Nuestra Empresa<\/h2>\n<p>Somos una empresa dedicada a la ayudarte a realizar los tramites para la obtenci\u00f3n de la <strong>Ciudadan\u00eda Polaca<\/strong> para descendientes de Polacos. Nos enorgullece poder brindarles a nuestros clientes lo que es para ellos su derecho de nacimiento. Nos especializamos en los casos m\u00e1s dif\u00edciles que involucran b\u00fasquedas de documentaci\u00f3n en archivos Polacos y de pa\u00edses lim\u00edtrofes como Ucrania, Bielorrusia, Lituania, etc.<\/p>\n<p>Si la sangre Polaca corre por tus venas y tenes derecho a la Ciudadan\u00eda Polaca no dudes en comunicarte con nosotros por m\u00e1s que no dispongas de la documentaci\u00f3n que lo acredite \u2013 nosotros nos ocupamos!<\/p>\n<p>Te ayudamos desde el comienzo hasta el fin. Desde la procuraci\u00f3n de los documentos necesarios hasta completar los formularios en idioma Polaco para presentar en la Embajada por el Pasaporte Polaco.<\/p>\n<p>Tambi\u00e9n nos <b>especializamos en asesoramiento legal en recuperaci\u00f3n de\u00a0 propiedades<\/b> que fueron ocupados por los Nazis y luego fueron nacionalizadas, expropiadas o confiscadas por el gobierno Polaco durante la \u00e9poca comunista pos guerra. <br \/>Realizamos <strong>traducciones de documentos<\/strong> en Polaco y Ruso, inclusive el Ruso que se usaba antes de la revoluci\u00f3n Rusa de 1917!<\/p>\n<p>Trabajamos con un equipo internacional multidisciplinario de traductores oficiales, abogados y archivistas en Polonia y Europa del Este.<\/p>\n<h2>Nuestro Equipo<\/h2>\n<p>Conoce el equipo que te va a aconsejar y ayudar en la camino a obtener tu Ciudadan\u00eda Polaca<\/p>\n<p>\t\t\t\t\t\t\t\t\t\t\t\t<img loading=\"lazy\" decoding=\"async\" width=\"768\" height=\"876\" src=\"http:\/\/www.mipasaportepolaco.com\/wp-content\/uploads\/2020\/06\/test-3-768x876.jpeg\" alt=\"Dr. Jonathan Jablonski - ciudadania polaca\" loading=\"lazy\" srcset=\"https:\/\/misciudadanias.com\/wp-content\/uploads\/2020\/06\/test-3-768x876.jpeg 768w, https:\/\/misciudadanias.com\/wp-content\/uploads\/2020\/06\/test-3-263x300.jpeg 263w, https:\/\/misciudadanias.com\/wp-content\/uploads\/2020\/06\/test-3.jpeg 834w\" sizes=\"auto, (max-width: 768px) 100vw, 768px\" title=\"\"><br \/>\n\t\t\t\t\t\t\tRecibido de Economista Empresarial de la Universidad Torcuato di Tella. Jonathan embarc\u00f3 en un viaje para estudiar Econom\u00eda en Polonia que le cambiar\u00eda la vida. Pas\u00f3 un a\u00f1o explorando sus ra\u00edces en Polonia y Bielorrusia donde fue al pueblo natal de sus ancestros a ver las tierras que alguna vez les pertenecieron. Aprendi\u00f3 Polaco y se conect\u00f3 con las organizaciones jud\u00edas que lo ayudaron en su misi\u00f3n.<br \/>\n<br \/>\nJonathan cree que toda persona con ascendencia Polaca deber\u00eda visitar Polonia y conocer su historia familiar, adem\u00e1s de aprovechar todos los beneficios que trae la ciudadan\u00eda polaca.<br \/>\n\t\t\t\t\t\t\t\t\t\t\t\t\t\tDr. Jonathan Jablonski<br \/>\n\t\t\t\t\t\t\t\t\t\t\t\t\t\t\t\t\t\t\t\t\t\tCitizenship Specialist \/ Regional Manager<br \/>\n\t\t\t\t\t\t\tDarya se recibi\u00f3 de Grinnell College en Chicago de Licenciada en Econom\u00eda. Posteriormente termin\u00f3 su Maestria en Analitica Avanzada de Datos en la Warsaw School of Economics. Darya tiene ra\u00edces Rusas y Polacas y domina ambos idiomas. Darya se encarga de coordinar y suoervisar a  nuestro equipo de profesionales en Europa<br \/>\n\t\t\t\t\t\t\t\t\t\t\t\t\t\tDarya Moskalenko MSc.<br \/>\n\t\t\t\t\t\t\t\t\t\t\t\t\t\t\t\t\t\t\t\t\t\tEuropean Supervisor<br \/>\n\t\t\t\t\t\t\t\t\t\t\t\t<img loading=\"lazy\" decoding=\"async\" width=\"500\" height=\"500\" src=\"http:\/\/www.mipasaportepolaco.com\/wp-content\/uploads\/2020\/06\/WhatsApp-Image-2020-06-15-at-18.00.11.jpeg\" alt=\"Darya Moskalenko MSc. ciudadania polaca\" loading=\"lazy\" srcset=\"https:\/\/misciudadanias.com\/wp-content\/uploads\/2020\/06\/WhatsApp-Image-2020-06-15-at-18.00.11.jpeg 500w, https:\/\/misciudadanias.com\/wp-content\/uploads\/2020\/06\/WhatsApp-Image-2020-06-15-at-18.00.11-300x300.jpeg 300w, https:\/\/misciudadanias.com\/wp-content\/uploads\/2020\/06\/WhatsApp-Image-2020-06-15-at-18.00.11-150x150.jpeg 150w\" sizes=\"auto, (max-width: 500px) 100vw, 500px\" title=\"\"><\/p>\n","protected":false},"excerpt":{"rendered":"<p>Quienes Somos Recon\u00e9ctate con tus ra\u00edces Polacas. Te ayudamos a conseguir la Ciudadan\u00eda Polaca. Nuestra Empresa Somos una empresa dedicada a la ayudarte a realizar los tramites para la obtenci\u00f3n de la Ciudadan\u00eda Polaca para descendientes de Polacos. Nos enorgullece poder brindarles a nuestros clientes lo que es para ellos su derecho de nacimiento. Nos [&hellip;]<\/p>\n","protected":false},"author":1,"featured_media":0,"parent":0,"menu_order":0,"comment_status":"closed","ping_status":"closed","template":"elementor_header_footer","meta":{"footnotes":""},"class_list":["post-528","page","type-page","status-publish","hentry"],"_links":{"self":[{"href":"https:\/\/misciudadanias.com\/es_es\/wp-json\/wp\/v2\/pages\/528","targetHints":{"allow":["GET"]}}],"collection":[{"href":"https:\/\/misciudadanias.com\/es_es\/wp-json\/wp\/v2\/pages"}],"about":[{"href":"https:\/\/misciudadanias.com\/es_es\/wp-json\/wp\/v2\/types\/page"}],"author":[{"embeddable":true,"href":"https:\/\/misciudadanias.com\/es_es\/wp-json\/wp\/v2\/users\/1"}],"replies":[{"embeddable":true,"href":"https:\/\/misciudadanias.com\/es_es\/wp-json\/wp\/v2\/comments?post=528"}],"version-history":[{"count":0,"href":"https:\/\/misciudadanias.com\/es_es\/wp-json\/wp\/v2\/pages\/528\/revisions"}],"wp:attachment":[{"href":"https:\/\/misciudadanias.com\/es_es\/wp-json\/wp\/v2\/media?parent=528"}],"curies":[{"name":"wp","href":"https:\/\/api.w.org\/{rel}","templated":true}]}}